{"id":181,"date":"2017-06-10T18:38:36","date_gmt":"2017-06-10T18:38:36","guid":{"rendered":"https:\/\/visualinterativo.com.br\/studio\/services\/"},"modified":"2023-09-27T18:55:41","modified_gmt":"2023-09-27T21:55:41","slug":"services","status":"publish","type":"page","link":"https:\/\/visualinterativo.com.br\/studio\/services\/","title":{"rendered":"Services"},"content":{"rendered":"<div class=\"wpb-content-wrapper\"><p>[vc_row padding_top_multiplier=&#8221;6x&#8221; padding_bottom_multiplier=&#8221;6x&#8221; columns_gap=&#8221;30&#8243; equal_column_height=&#8221;equal&#8221; tablet_sm_columns_vertical_gap=&#8221;30&#8243;][vc_column width=&#8221;1\/2&#8243; vertical_content_position=&#8221;middle&#8221; tablet_sm_width=&#8221;1&#8243; tablet_sm_text_align=&#8221;center&#8221; mobile_text_align=&#8221;center&#8221;]<h4 class=\"eut-element eut-title eut-align-inherit eut-animated-item eut-fade-in-up eut-duration-normal eut-subtitle-text\" style=\"margin-bottom: 7px;\" data-delay=\"200\"><span>Deixe a gente ajudar voc\u00ea!<\/span><\/h4><h2 class=\"eut-element eut-title eut-align-inherit eut-animated-item eut-fade-in-up eut-duration-normal eut-h2\" style=\"margin-bottom: 0px;\" data-delay=\"300\"><span>Design Gr\u00e1fico&#8230;<\/span><\/h2><h3 class=\"eut-element eut-title eut-align-inherit eut-animated-item eut-fade-in-up eut-duration-normal eut-h4\" style=\"margin-bottom: 30px;\" data-delay=\"400\"><span>Cria\u00e7\u00e3o de Identidade Visual, publicidade, merchandising, impressos, cartazes, banners, folders, cat\u00e1logos, flyers sempre focando em ser criativo e inovador.<\/span><\/h3>[vc_column_text animation=&#8221;eut-fade-in-up&#8221; animation_delay=&#8221;500&#8243;]Transformamos a sua id\u00e9ia em arte[\/vc_column_text]<div class=\"eut-empty-space\" style=\"height: 46px;\"><\/div><div class=\"eut-element eut-align-inherit eut-animated-item eut-fade-in-up eut-duration-normal\" data-delay=\"600\"><a href=\"http:\/\/wa.me\/5521968456226\" class=\"eut-btn eut-btn-medium eut-square eut-bg-red eut-bg-hover-black WhatsApp\"><span><i class=\"fab fa-whatsapp\"><\/i>Contato<\/span><\/a><\/div>[\/vc_column][vc_column width=&#8221;1\/2&#8243; column_effect=&#8221;vertical-parallax&#8221; column_effect_limit=&#8221;2x&#8221; tablet_sm_width=&#8221;1&#8243;]<div class=\"eut-element eut-image eut-animated-item eut-fade-in-up-big eut-duration-slow eut-align-center\" style=\"\" data-delay=\"500\">  <div class=\"eut-image-wrapper\"><img loading=\"lazy\" decoding=\"async\" width=\"768\" height=\"539\" src=\"https:\/\/visualinterativo.com.br\/studio\/wp-content\/uploads\/2018\/02\/Clubmix-mao-visual-768x539.png\" class=\"attachment-medium_large size-medium_large\" alt=\"\" srcset=\"https:\/\/visualinterativo.com.br\/studio\/wp-content\/uploads\/2018\/02\/Clubmix-mao-visual-768x539.png 768w, https:\/\/visualinterativo.com.br\/studio\/wp-content\/uploads\/2018\/02\/Clubmix-mao-visual-300x210.png 300w, https:\/\/visualinterativo.com.br\/studio\/wp-content\/uploads\/2018\/02\/Clubmix-mao-visual-208x146.png 208w, https:\/\/visualinterativo.com.br\/studio\/wp-content\/uploads\/2018\/02\/Clubmix-mao-visual-50x35.png 50w, https:\/\/visualinterativo.com.br\/studio\/wp-content\/uploads\/2018\/02\/Clubmix-mao-visual-107x75.png 107w, https:\/\/visualinterativo.com.br\/studio\/wp-content\/uploads\/2018\/02\/Clubmix-mao-visual.png 780w\" sizes=\"auto, (max-width: 768px) 100vw, 768px\" \/>  <\/div><\/div>[\/vc_column][\/vc_row][vc_row height_ratio=&#8221;70&#8243; padding_top_multiplier=&#8221;6x&#8221; padding_bottom_multiplier=&#8221;6x&#8221; rc_heading_color=&#8221;light&#8221; rc_bg_type=&#8221;image&#8221; rc_bg_image=&#8221;469&#8243; rc_bg_image_type=&#8221;parallax&#8221; rc_bg_parallax_threshold=&#8221;0.5&#8243; rc_bg_color_overlay=&#8221;dark&#8221; rc_bg_opacity_overlay=&#8221;20&#8243; columns_gap=&#8221;30&#8243; rc_font_color=&#8221;#ffffff&#8221;][vc_column width=&#8221;1\/6&#8243;][\/vc_column][vc_column width=&#8221;2\/3&#8243; vertical_content_position=&#8221;middle&#8221;]<h4 class=\"eut-element eut-title eut-align-center eut-animated-item eut-fade-in-up eut-duration-normal eut-subtitle-text\" style=\"margin-bottom: 7px;\" data-delay=\"200\"><span>Cria\u00e7\u00e3o de websites<\/span><\/h4><h2 class=\"eut-element eut-title eut-align-center eut-animated-item eut-fade-in-up eut-duration-normal eut-h2\" style=\"margin-bottom: 30px;\" data-delay=\"300\"><span>Desenvolvimento Web<\/span><\/h2>[vc_column_text text_style=&#8221;leader-text&#8221; animation=&#8221;eut-fade-in-up&#8221; animation_delay=&#8221;400&#8243;]<\/p>\n<p style=\"text-align: center;\">Desenvolvemos sites responsivos multiplataforma, sistemas e caso o clientes necessite, apresenta\u00e7\u00f5es interativas, banners e emails marketing.<\/p>\n<p>[\/vc_column_text][\/vc_column][vc_column width=&#8221;1\/6&#8243;][\/vc_column][\/vc_row][vc_row height_ratio=&#8221;70&#8243; padding_top_multiplier=&#8221;6x&#8221; padding_bottom_multiplier=&#8221;6x&#8221; columns_gap=&#8221;30&#8243;][vc_column width=&#8221;5\/12&#8243; vertical_content_position=&#8221;middle&#8221; mobile_text_align=&#8221;center&#8221;]<h3 class=\"eut-element eut-title eut-align-inherit eut-animated-item eut-fade-in-left-big eut-duration-normal eut-h3\" style=\"\" data-delay=\"200\"><span>N\u00f3s criamos,<br \/>\nsempre com base na sua id\u00e9ia.<\/span><\/h3>[\/vc_column][vc_column width=&#8221;7\/12&#8243; vertical_content_position=&#8221;middle&#8221;][vc_row_inner][vc_column_inner width=&#8221;1\/2&#8243; column_effect=&#8221;vertical-parallax&#8221; column_effect_limit=&#8221;6x&#8221; mobile_column_effect=&#8221;none&#8221;]<div class=\"eut-element eut-counter eut-align-center eut-animated-item eut-fade-in-up-big eut-duration-slow\" style=\"\" data-delay=\"400\">  <div class=\"eut-counter-content\">    <div class=\"eut-counter-item eut-h1 eut-text-primary-1 eut-increase-heading eut-heading-200\">      <span data-thousands-separator-vis=\"\" data-thousands-separator=\",\" data-prefix=\"\" data-suffix=\"\" data-start-val=\"0\" data-end-val=\"121\" data-decimal-points=\"0\" data-decimal-separator=\".\" >0<\/span>    <\/div>\t<h3 class=\"eut-counter-title eut-link-text\">Projetos completos<\/h3>  <\/div><\/div>[\/vc_column_inner][vc_column_inner width=&#8221;1\/2&#8243; column_effect=&#8221;vertical-parallax&#8221; column_effect_limit=&#8221;6x&#8221; column_effect_invert=&#8221;true&#8221; mobile_column_effect=&#8221;none&#8221;]<div class=\"eut-element eut-counter eut-align-center eut-animated-item eut-fade-in-down-big eut-duration-slow\" style=\"\" data-delay=\"600\">  <div class=\"eut-counter-content\">    <div class=\"eut-counter-item eut-h1 eut-text-primary-1 eut-increase-heading eut-heading-200\">      <span data-thousands-separator-vis=\"\" data-thousands-separator=\",\" data-prefix=\"\" data-suffix=\"\" data-start-val=\"0\" data-end-val=\"350\" data-decimal-points=\"0\" data-decimal-separator=\".\" >0<\/span>    <\/div>\t<h3 class=\"eut-counter-title eut-link-text\">Tickets fechados<\/h3>  <\/div><\/div>[\/vc_column_inner][\/vc_row_inner][\/vc_column][\/vc_row][vc_row section_type=&#8221;fullwidth&#8221; padding_top_multiplier=&#8221;&#8221; padding_bottom_multiplier=&#8221;&#8221; rc_bg_type=&#8221;color&#8221; columns_gap=&#8221;none&#8221; rc_bg_color=&#8221;#121212&#8243;][vc_column]<div class=\"eut-element eut-gallery eut-isotope\" style=\"\" data-columns=\"4\" data-columns-large-screen=\"4\" data-columns-tablet-landscape=\"2\" data-columns-tablet-portrait=\"2\" data-columns-mobile=\"1\" data-layout=\"fitRows\">  <div class=\"eut-isotope-container\"><div class=\"eut-isotope-item eut-hover-item eut-hover-style-none\"><div class=\"eut-isotope-item-inner eut-zoom-in\">  <figure class=\"eut-image-hover eut-zoom-in\">    <a class=\"eut-item-url\" href=\"http:\/\/euthemians.com\/themes\/zuperla\/zuperla-agency\/\" target=\"_self\" ><\/a>    <div class=\"eut-hover-overlay eut-bg-dark eut-opacity-70\"><\/div><div class=\"eut-media\"><\/div>  <\/figure><\/div><\/div><div class=\"eut-isotope-item eut-hover-item eut-hover-style-none\"><div class=\"eut-isotope-item-inner eut-zoom-in\">  <figure class=\"eut-image-hover eut-zoom-in\">    <a class=\"eut-item-url\" href=\"http:\/\/euthemians.com\/themes\/zuperla\/zuperla-agency\/\" target=\"_self\" ><\/a>    <div class=\"eut-hover-overlay eut-bg-dark eut-opacity-70\"><\/div><div class=\"eut-media\"><\/div>  <\/figure><\/div><\/div><div class=\"eut-isotope-item eut-hover-item eut-hover-style-none\"><div class=\"eut-isotope-item-inner eut-zoom-in\">  <figure class=\"eut-image-hover eut-zoom-in\">    <a class=\"eut-item-url\" href=\"http:\/\/euthemians.com\/themes\/zuperla\/zuperla-agency\/\" target=\"_self\" ><\/a>    <div class=\"eut-hover-overlay eut-bg-dark eut-opacity-70\"><\/div><div class=\"eut-media\"><\/div>  <\/figure><\/div><\/div><div class=\"eut-isotope-item eut-hover-item eut-hover-style-none\"><div class=\"eut-isotope-item-inner eut-zoom-in\">  <figure class=\"eut-image-hover eut-zoom-in\">    <a class=\"eut-item-url\" href=\"http:\/\/euthemians.com\/themes\/zuperla\/zuperla-agency\/\" target=\"_self\" ><\/a>    <div class=\"eut-hover-overlay eut-bg-dark eut-opacity-70\"><\/div><div class=\"eut-media\"><\/div>  <\/figure><\/div><\/div><div class=\"eut-isotope-item eut-hover-item eut-hover-style-none\"><div class=\"eut-isotope-item-inner eut-zoom-in\">  <figure class=\"eut-image-hover eut-zoom-in\">    <a class=\"eut-item-url\" href=\"http:\/\/euthemians.com\/themes\/zuperla\/zuperla-agency\/\" target=\"_self\" ><\/a>    <div class=\"eut-hover-overlay eut-bg-dark eut-opacity-70\"><\/div><div class=\"eut-media\"><\/div>  <\/figure><\/div><\/div><div class=\"eut-isotope-item eut-hover-item eut-hover-style-none\"><div class=\"eut-isotope-item-inner eut-zoom-in\">  <figure class=\"eut-image-hover eut-zoom-in\">    <a class=\"eut-item-url\" href=\"http:\/\/euthemians.com\/themes\/zuperla\/zuperla-agency\/\" target=\"_self\" ><\/a>    <div class=\"eut-hover-overlay eut-bg-dark eut-opacity-70\"><\/div><div class=\"eut-media\"><\/div>  <\/figure><\/div><\/div><div class=\"eut-isotope-item eut-hover-item eut-hover-style-none\"><div class=\"eut-isotope-item-inner eut-zoom-in\">  <figure class=\"eut-image-hover eut-zoom-in\">    <a class=\"eut-item-url\" href=\"http:\/\/euthemians.com\/themes\/zuperla\/zuperla-agency\/\" target=\"_self\" ><\/a>    <div class=\"eut-hover-overlay eut-bg-dark eut-opacity-70\"><\/div><div class=\"eut-media\"><\/div>  <\/figure><\/div><\/div><div class=\"eut-isotope-item eut-hover-item eut-hover-style-none\"><div class=\"eut-isotope-item-inner eut-zoom-in\">  <figure class=\"eut-image-hover eut-zoom-in\">    <a class=\"eut-item-url\" href=\"http:\/\/euthemians.com\/themes\/zuperla\/zuperla-agency\/\" target=\"_self\" ><\/a>    <div class=\"eut-hover-overlay eut-bg-dark eut-opacity-70\"><\/div><div class=\"eut-media\"><\/div>  <\/figure><\/div><\/div>  <\/div><\/div>[\/vc_column][\/vc_row]<\/p>\n<\/div>","protected":false},"excerpt":{"rendered":"<p>[vc_row padding_top_multiplier=&#8221;6x&#8221; padding_bottom_multiplier=&#8221;6x&#8221; columns_gap=&#8221;30&#8243; equal_column_height=&#8221;equal&#8221; tablet_sm_columns_vertical_gap=&#8221;30&#8243;][vc_column width=&#8221;1\/2&#8243; vertical_content_position=&#8221;middle&#8221; tablet_sm_width=&#8221;1&#8243; tablet_sm_text_align=&#8221;center&#8221; mobile_text_align=&#8221;center&#8221;][vc_column_text animation=&#8221;eut-fade-in-up&#8221; animation_delay=&#8221;500&#8243;]Transformamos a sua id\u00e9ia em arte[\/vc_column_text][\/vc_column][vc_column width=&#8221;1\/2&#8243; column_effect=&#8221;vertical-parallax&#8221; column_effect_limit=&#8221;2x&#8221; tablet_sm_width=&#8221;1&#8243;][\/vc_column][\/vc_row][vc_row height_ratio=&#8221;70&#8243; padding_top_multiplier=&#8221;6x&#8221; padding_bottom_multiplier=&#8221;6x&#8221; rc_heading_color=&#8221;light&#8221; rc_bg_type=&#8221;image&#8221; rc_bg_image=&#8221;469&#8243; rc_bg_image_type=&#8221;parallax&#8221; rc_bg_parallax_threshold=&#8221;0.5&#8243; rc_bg_color_overlay=&#8221;dark&#8221; rc_bg_opacity_overlay=&#8221;20&#8243; columns_gap=&#8221;30&#8243; rc_font_color=&#8221;#ffffff&#8221;][vc_column width=&#8221;1\/6&#8243;][\/vc_column][vc_column width=&#8221;2\/3&#8243; vertical_content_position=&#8221;middle&#8221;][vc_column_text text_style=&#8221;leader-text&#8221; animation=&#8221;eut-fade-in-up&#8221; animation_delay=&#8221;400&#8243;] Desenvolvemos sites responsivos multiplataforma, sistemas e caso o clientes necessite, apresenta\u00e7\u00f5es interativas, banners e emails [&hellip;]<\/p>\n","protected":false},"author":1,"featured_media":88,"parent":0,"menu_order":0,"comment_status":"closed","ping_status":"closed","template":"","meta":{"footnotes":""},"class_list":["post-181","page","type-page","status-publish","has-post-thumbnail","hentry"],"_links":{"self":[{"href":"https:\/\/visualinterativo.com.br\/studio\/wp-json\/wp\/v2\/pages\/181","targetHints":{"allow":["GET"]}}],"collection":[{"href":"https:\/\/visualinterativo.com.br\/studio\/wp-json\/wp\/v2\/pages"}],"about":[{"href":"https:\/\/visualinterativo.com.br\/studio\/wp-json\/wp\/v2\/types\/page"}],"author":[{"embeddable":true,"href":"https:\/\/visualinterativo.com.br\/studio\/wp-json\/wp\/v2\/users\/1"}],"replies":[{"embeddable":true,"href":"https:\/\/visualinterativo.com.br\/studio\/wp-json\/wp\/v2\/comments?post=181"}],"version-history":[{"count":22,"href":"https:\/\/visualinterativo.com.br\/studio\/wp-json\/wp\/v2\/pages\/181\/revisions"}],"predecessor-version":[{"id":484,"href":"https:\/\/visualinterativo.com.br\/studio\/wp-json\/wp\/v2\/pages\/181\/revisions\/484"}],"wp:featuredmedia":[{"embeddable":true,"href":"https:\/\/visualinterativo.com.br\/studio\/wp-json\/wp\/v2\/media\/88"}],"wp:attachment":[{"href":"https:\/\/visualinterativo.com.br\/studio\/wp-json\/wp\/v2\/media?parent=181"}],"curies":[{"name":"wp","href":"https:\/\/api.w.org\/{rel}","templated":true}]}}