{"id":179,"date":"2017-06-10T16:46:37","date_gmt":"2017-06-10T16:46:37","guid":{"rendered":"https:\/\/visualinterativo.com.br\/studio\/home-2\/"},"modified":"2023-09-27T22:29:18","modified_gmt":"2023-09-28T01:29:18","slug":"home-2","status":"publish","type":"page","link":"https:\/\/visualinterativo.com.br\/studio\/","title":{"rendered":"Home"},"content":{"rendered":"<div class=\"wpb-content-wrapper\"><p>[vc_row padding_top_multiplier=&#8221;6x&#8221; padding_bottom_multiplier=&#8221;6x&#8221; columns_gap=&#8221;60&#8243; section_id=&#8221;#sobre&#8221;][vc_column width=&#8221;1\/4&#8243; tablet_sm_width=&#8221;hide&#8221;][\/vc_column][vc_column width=&#8221;1\/2&#8243; tablet_sm_width=&#8221;1&#8243;]<h2 class=\"eut-element eut-title eut-align-center eut-animated-item eut-fade-in-up eut-duration-normal eut-h2\" style=\"\" data-delay=\"200\"><span>O que oferecemos?<\/span><\/h2>[vc_column_text text_style=&#8221;leader-text&#8221; animation=&#8221;eut-fade-in-up&#8221; animation_delay=&#8221;300&#8243;]<\/p>\n<p style=\"text-align: center;\">Studio de Cria\u00e7\u00e3o Freelancer<\/p>\n<p>[\/vc_column_text][\/vc_column][vc_column width=&#8221;1\/4&#8243; tablet_sm_width=&#8221;hide&#8221;][\/vc_column][vc_column]<div class=\"eut-empty-space eut-height-3x\" style=\"\"><\/div>[\/vc_column][vc_column width=&#8221;1\/3&#8243;]<div class=\"eut-element eut-box-icon eut-extra-large eut-top-icon eut-align-center eut-animated-item eut-fade-in-up eut-duration-normal\" style=\"\" data-delay=\"400\"><div class=\"eut-wrapper-icon eut-no-shape eut-text-grey\"><i class=\"eut-text-primary-1 fas fa-globe\"><\/i><\/div><div class=\"eut-box-content\"><div class=\"eut-box-title-wrapper\"><h3 class=\"eut-box-title eut-h6\">Desenvolvimento Web<\/h3><\/div>  <p class=\"\">Desenvolvimento de sites responsivos multiplataforma, sistemas e sites em geral.<\/p><\/div><\/div>[\/vc_column][vc_column width=&#8221;1\/3&#8243;]<div class=\"eut-element eut-box-icon eut-extra-large eut-top-icon eut-align-center eut-animated-item eut-fade-in-up eut-duration-normal\" style=\"\" data-delay=\"600\"><div class=\"eut-wrapper-icon eut-no-shape eut-text-grey\"><i class=\"eut-text-primary-1 fas fa-audio-description\"><\/i><\/div><div class=\"eut-box-content\"><div class=\"eut-box-title-wrapper\"><h3 class=\"eut-box-title eut-h6\">Design Gr\u00e1fico<\/h3><\/div>  <p class=\"\">Identidade Visual, publicidade, merchandising, impressos, cartazes, banners, folders, cat\u00e1logos, flyers.<\/p><\/div><\/div>[\/vc_column][vc_column width=&#8221;1\/3&#8243;]<div class=\"eut-element eut-box-icon eut-extra-large eut-top-icon eut-align-center eut-animated-item eut-fade-in-up eut-duration-normal\" style=\"\" data-delay=\"800\"><div class=\"eut-wrapper-icon eut-no-shape eut-text-grey\"><i class=\"eut-text-primary-1 fas fa-network-wired\"><\/i><\/div><div class=\"eut-box-content\"><div class=\"eut-box-title-wrapper\"><h3 class=\"eut-box-title eut-h6\">Suporte em TI<\/h3><\/div>  <p class=\"\">Suporte de TI, servi\u00e7os e atividades realizadas por profissionais de tecnologia da informa\u00e7\u00e3o (TI) para garantir o bom andamento de empresas e residencias estejam sempre funcionando corretamente e atendendo \u00e0s necessidades dos usu\u00e1rios.<\/p><\/div><\/div>[\/vc_column][\/vc_row][vc_row section_type=&#8221;container-width&#8221; height_ratio=&#8221;40&#8243; padding_top_multiplier=&#8221;&#8221; padding_bottom_multiplier=&#8221;&#8221; rc_bg_type=&#8221;image&#8221; rc_bg_image=&#8221;431&#8243; rc_bg_image_type=&#8221;parallax&#8221; rc_bg_parallax_threshold=&#8221;0.5&#8243; columns_gap=&#8221;none&#8221;][vc_column][\/vc_column][\/vc_row][vc_row padding_top_multiplier=&#8221;3x&#8221; padding_bottom_multiplier=&#8221;6x&#8221; columns_gap=&#8221;60&#8243; tablet_sm_columns_vertical_gap=&#8221;30&#8243; section_id=&#8221;sobre&#8221;][vc_column]<h3 class=\"eut-element eut-title eut-align-inherit eut-animated-item eut-fade-in-up eut-duration-normal eut-h3\" style=\"\" data-delay=\"200\"><span><br>\n<p style=\"text-align: center;\">Relaxe e conhe\u00e7a o Studio Visual Interativo<br>\n<\/span><\/h3>[\/vc_column][vc_column]<div class=\"eut-empty-space eut-height-2x\" style=\"\"><\/div>[\/vc_column][vc_column rc_heading_color=&#8221;primary-1&#8243;]<h3 class=\"eut-element eut-title eut-align-inherit eut-animated-item eut-fade-in-up eut-duration-normal eut-link-text\" style=\"\" data-delay=\"400\"><span>Sobre N\u00f3s<\/span><\/h3>[vc_column_text animation=&#8221;eut-fade-in-up&#8221; animation_delay=&#8221;500&#8243; animation_duration=&#8221;slow&#8221;]Somos uma empresa especializada em oferecer solu\u00e7\u00f5es completas para o desenvolvimento web, design gr\u00e1fico e suporte de TI. Com uma equipe altamente qualificada e experiente, estamos prontos para atender \u00e0s necessidades dos nossos clientes, desde a cria\u00e7\u00e3o de websites modernos e funcionais at\u00e9 o suporte t\u00e9cnico necess\u00e1rio para garantir o pleno funcionamento de suas opera\u00e7\u00f5es online.<\/p>\n<p>No <strong>desenvolvimento web<\/strong>, utilizamos as tecnologias mais recentes e as melhores pr\u00e1ticas do mercado para criar websites personalizados e responsivos. Nossa equipe trabalha em estreita colabora\u00e7\u00e3o com os clientes para entender suas metas e objetivos, desenvolvendo solu\u00e7\u00f5es que reflitam sua identidade e fortale\u00e7am sua presen\u00e7a online.<\/p>\n<p>Em rela\u00e7\u00e3o ao <strong>design gr\u00e1fico<\/strong>, contamos com profissionais talentosos e criativos que podem transformar ideias em designs atraentes e impactantes. Desenvolvemos logotipos, identidades visuais, materiais promocionais e outros elementos gr\u00e1ficos que ajudam a transmitir a mensagem e os valores de cada empresa de forma visualmente atraente.<\/p>\n<p>Al\u00e9m disso, oferecemos<strong> suporte de TI<\/strong> para garantir que as opera\u00e7\u00f5es online dos nossos clientes sejam executadas de maneira eficiente e segura. Nossa equipe est\u00e1 dispon\u00edvel para solucionar problemas t\u00e9cnicos, fornecer assist\u00eancia na escolha de equipamentos e softwares, al\u00e9m de oferecer servi\u00e7os de seguran\u00e7a cibern\u00e9tica para proteger os dados e informa\u00e7\u00f5es vitais dos nossos clientes.[\/vc_column_text][\/vc_column][\/vc_row][vc_row padding_top_multiplier=&#8221;6x&#8221; padding_bottom_multiplier=&#8221;6x&#8221; rc_heading_color=&#8221;light&#8221; rc_bg_type=&#8221;image&#8221; rc_bg_image=&#8221;436&#8243; rc_bg_image_type=&#8221;parallax&#8221; rc_bg_parallax_threshold=&#8221;0.5&#8243; rc_bg_color_overlay=&#8221;dark&#8221; rc_bg_opacity_overlay=&#8221;70&#8243; columns_gap=&#8221;30&#8243; rc_font_color=&#8221;rgba(255,255,255,0.83)&#8221;][vc_column width=&#8221;1\/6&#8243;][\/vc_column][vc_column width=&#8221;2\/3&#8243;]<div class=\"eut-empty-space eut-height-2x\" style=\"\"><\/div><h4 class=\"eut-element eut-title eut-align-center eut-animated-item eut-fade-in-up eut-duration-normal eut-subtitle-text\" style=\"margin-bottom: 7px;\" data-delay=\"200\"><span>Sites modernos e din\u00e2micos.<\/span><\/h4><h2 class=\"eut-element eut-title eut-align-center eut-animated-item eut-fade-in-up eut-duration-normal eut-h2\" style=\"margin-bottom: 30px;\" data-delay=\"300\"><span>Qualidade Visual Interativo<\/span><\/h2>[vc_column_text text_style=&#8221;leader-text&#8221; animation=&#8221;eut-fade-in-up&#8221; animation_delay=&#8221;400&#8243;]<\/p>\n<p style=\"text-align: center;\">Somos um Studio Freelancer situado no Centro do Rio de Janeiro. Desenvolvemos solu\u00e7\u00f5es criativas e eficazes em comunica\u00e7\u00e3o visual.<\/p>\n<p>[\/vc_column_text]<div class=\"eut-empty-space\" style=\"height: 46px;\"><\/div><div class=\"eut-element eut-align-center eut-animated-item eut-fade-in-up eut-duration-normal\" data-delay=\"500\"><a href=\"http:\/\/wa.me\/5521968456226\" target=\"_blank\" class=\"eut-btn eut-btn-medium eut-square eut-bg-primary-1 eut-bg-hover-white\"><span>Contato<\/span><\/a><\/div><div class=\"eut-empty-space eut-height-2x\" style=\"\"><\/div>[\/vc_column][vc_column width=&#8221;1\/6&#8243;][\/vc_column][\/vc_row][vc_row height_ratio=&#8221;70&#8243; padding_top_multiplier=&#8221;6x&#8221; padding_bottom_multiplier=&#8221;6x&#8221; columns_gap=&#8221;60&#8243;][vc_column width=&#8221;1\/3&#8243; vertical_content_position=&#8221;middle&#8221;]<h3 class=\"eut-element eut-title eut-align-inherit eut-animated-item eut-fade-in-up eut-duration-normal eut-h1 eut-increase-heading eut-heading-160\" style=\"\" data-delay=\"200\"><span><span class=\"eut-text-primary-1\">01<\/span><\/span><\/h3><h4 class=\"eut-element eut-title eut-align-inherit eut-animated-item eut-fade-in-up eut-duration-normal eut-h5\" style=\"margin-bottom: 0px;\" data-delay=\"300\"><span>Tem um Problema?<\/span><\/h4><div class=\"eut-empty-space eut-height-1x\" style=\"\"><\/div>[vc_column_text animation=&#8221;eut-fade-in-up&#8221; animation_delay=&#8221;400&#8243;]N\u00e3o se preocupe![\/vc_column_text][\/vc_column][vc_column width=&#8221;1\/3&#8243; vertical_content_position=&#8221;middle&#8221;]<h3 class=\"eut-element eut-title eut-align-inherit eut-animated-item eut-fade-in-up eut-duration-normal eut-h1 eut-increase-heading eut-heading-160\" style=\"\" data-delay=\"400\"><span><span class=\"eut-text-primary-1\">02<\/span><\/span><\/h3><h3 class=\"eut-element eut-title eut-align-inherit eut-animated-item eut-fade-in-up eut-duration-normal eut-h5\" style=\"margin-bottom: 0px;\" data-delay=\"500\"><span>Traga para o Visual Interativo<\/span><\/h3><div class=\"eut-empty-space eut-height-1x\" style=\"\"><\/div>[vc_column_text animation=&#8221;eut-fade-in-up&#8221; animation_delay=&#8221;600&#8243;]Acharemos uma solu\u00e7\u00e3o![\/vc_column_text][\/vc_column][vc_column width=&#8221;1\/3&#8243; vertical_content_position=&#8221;middle&#8221;]<h3 class=\"eut-element eut-title eut-align-inherit eut-animated-item eut-fade-in-up eut-duration-normal eut-h1 eut-increase-heading eut-heading-160\" style=\"\" data-delay=\"600\"><span><span class=\"eut-text-primary-1\">03<\/span><\/span><\/h3><h3 class=\"eut-element eut-title eut-align-inherit eut-animated-item eut-fade-in-up eut-duration-normal eut-h5\" style=\"margin-bottom: 0px;\" data-delay=\"700\"><span>N\u00f3s temos a solu\u00e7\u00e3o!<\/span><\/h3><div class=\"eut-empty-space eut-height-1x\" style=\"\"><\/div>[vc_column_text animation=&#8221;eut-fade-in-up&#8221; animation_delay=&#8221;800&#8243;]Temos a solu\u00e7\u00e3o ideal para voc\u00ea![\/vc_column_text][\/vc_column][\/vc_row]<\/p>\n<\/div>","protected":false},"excerpt":{"rendered":"<p>[vc_row padding_top_multiplier=&#8221;6x&#8221; padding_bottom_multiplier=&#8221;6x&#8221; columns_gap=&#8221;60&#8243; section_id=&#8221;#sobre&#8221;][vc_column width=&#8221;1\/4&#8243; tablet_sm_width=&#8221;hide&#8221;][\/vc_column][vc_column width=&#8221;1\/2&#8243; tablet_sm_width=&#8221;1&#8243;][vc_column_text text_style=&#8221;leader-text&#8221; animation=&#8221;eut-fade-in-up&#8221; animation_delay=&#8221;300&#8243;] Studio de Cria\u00e7\u00e3o Freelancer [\/vc_column_text][\/vc_column][vc_column width=&#8221;1\/4&#8243; tablet_sm_width=&#8221;hide&#8221;][\/vc_column][vc_column][\/vc_column][vc_column width=&#8221;1\/3&#8243;][\/vc_column][vc_column width=&#8221;1\/3&#8243;][\/vc_column][vc_column width=&#8221;1\/3&#8243;][\/vc_column][\/vc_row][vc_row section_type=&#8221;container-width&#8221; height_ratio=&#8221;40&#8243; padding_top_multiplier=&#8221;&#8221; padding_bottom_multiplier=&#8221;&#8221; rc_bg_type=&#8221;image&#8221; rc_bg_image=&#8221;431&#8243; rc_bg_image_type=&#8221;parallax&#8221; rc_bg_parallax_threshold=&#8221;0.5&#8243; columns_gap=&#8221;none&#8221;][vc_column][\/vc_column][\/vc_row][vc_row padding_top_multiplier=&#8221;3x&#8221; padding_bottom_multiplier=&#8221;6x&#8221; columns_gap=&#8221;60&#8243; tablet_sm_columns_vertical_gap=&#8221;30&#8243; section_id=&#8221;sobre&#8221;][vc_column][\/vc_column][vc_column][\/vc_column][vc_column rc_heading_color=&#8221;primary-1&#8243;][vc_column_text animation=&#8221;eut-fade-in-up&#8221; animation_delay=&#8221;500&#8243; animation_duration=&#8221;slow&#8221;]Somos uma empresa especializada em oferecer solu\u00e7\u00f5es completas para o desenvolvimento web, design gr\u00e1fico e suporte [&hellip;]<\/p>\n","protected":false},"author":1,"featured_media":0,"parent":0,"menu_order":0,"comment_status":"closed","ping_status":"closed","template":"","meta":{"footnotes":""},"class_list":["post-179","page","type-page","status-publish","hentry"],"_links":{"self":[{"href":"https:\/\/visualinterativo.com.br\/studio\/wp-json\/wp\/v2\/pages\/179","targetHints":{"allow":["GET"]}}],"collection":[{"href":"https:\/\/visualinterativo.com.br\/studio\/wp-json\/wp\/v2\/pages"}],"about":[{"href":"https:\/\/visualinterativo.com.br\/studio\/wp-json\/wp\/v2\/types\/page"}],"author":[{"embeddable":true,"href":"https:\/\/visualinterativo.com.br\/studio\/wp-json\/wp\/v2\/users\/1"}],"replies":[{"embeddable":true,"href":"https:\/\/visualinterativo.com.br\/studio\/wp-json\/wp\/v2\/comments?post=179"}],"version-history":[{"count":36,"href":"https:\/\/visualinterativo.com.br\/studio\/wp-json\/wp\/v2\/pages\/179\/revisions"}],"predecessor-version":[{"id":483,"href":"https:\/\/visualinterativo.com.br\/studio\/wp-json\/wp\/v2\/pages\/179\/revisions\/483"}],"wp:attachment":[{"href":"https:\/\/visualinterativo.com.br\/studio\/wp-json\/wp\/v2\/media?parent=179"}],"curies":[{"name":"wp","href":"https:\/\/api.w.org\/{rel}","templated":true}]}}